{"id":974,"date":"2022-08-15T06:06:57","date_gmt":"2022-08-15T06:06:57","guid":{"rendered":"http:\/\/www.lucifersetiketten.nl\/hans\/?page_id=974"},"modified":"2022-08-23T12:36:52","modified_gmt":"2022-08-23T12:36:52","slug":"links-societies","status":"publish","type":"page","link":"https:\/\/www.lucifersetiketten.nl\/hans\/links-societies\/","title":{"rendered":"Links Societies"},"content":{"rendered":"\n<figure class=\"wp-block-table\"><table><tbody><tr><td><strong>Societies<\/strong><\/td><\/tr><tr><td><a rel=\"noreferrer noopener\" href=\"http:\/\/www.phillumeny.com\/\" target=\"_blank\">The British Matchboxlabel and Booklet Society<\/a> (Homepage of the British Society)<br><br><a rel=\"noreferrer noopener\" href=\"http:\/\/www.matchcover.org\/\" target=\"_blank\">Rathkamps Matchcover Society<\/a> (Homepage of Rathkamps Matchcover Society)<br><br><a rel=\"noreferrer noopener\" href=\"http:\/\/www.zuendholzmuseum.ch\/\" target=\"_blank\">Schweizerisches Zundholz Museum<\/a> (All kind of info and catalogs about Swiss matches)<br><br><a rel=\"noreferrer noopener\" href=\"http:\/\/www.filumenie.com\" target=\"_blank\">\u010cesk\u00fd filumenistick\u00fd svaz, z. s.<\/a> (Homepage of the Czech collectors club of matchboxlabels)<br><br><a rel=\"noreferrer noopener\" href=\"http:\/\/match.or.jp\/en\/index\/\" target=\"_blank\">Match World Virtual Museum<\/a> (Website about matchbox labels made in Japan)<br><br><a rel=\"noreferrer noopener\" href=\"http:\/\/www.vonkvrij.com\/\" target=\"_blank\">Homepage of the Dutch Society<\/a> (Homepage of the S&amp;D-groep lucifersetiketten)<br><br><a rel=\"noreferrer noopener\" href=\"http:\/\/www.bloggen.be\/limburgse_stekskesmannen\" target=\"_blank\">Homepage of the Limburgse Stekskesmannen<\/a> (A weblog from the Limburgse Stekskesmannen)<br><br><a rel=\"noreferrer noopener\" href=\"http:\/\/www.filumenie.blogspot.nl\/\" target=\"_blank\">Filumenie Blogspot<\/a> (Filumenie Blogspot)<br><br><a href=\"http:\/\/www.matchlabel.com\">www.matchlabel.com<\/a> (Homepage of a Russian Society: Very interesting about Russian labels)<\/td><\/tr><\/tbody><\/table><\/figure>\n\n\n\n<p class=\"has-small-font-size\">All links are working 20220814<\/p>\n","protected":false},"excerpt":{"rendered":"<p>Societies The British Matchboxlabel and Booklet Society (Homepage of the British Society) Rathkamps Matchcover Society (Homepage of Rathkamps Matchcover Society)<\/p>\n","protected":false},"author":1,"featured_media":0,"parent":0,"menu_order":0,"comment_status":"closed","ping_status":"closed","template":"","meta":{"footnotes":""},"class_list":["post-974","page","type-page","status-publish","hentry"],"_links":{"self":[{"href":"https:\/\/www.lucifersetiketten.nl\/hans\/wp-json\/wp\/v2\/pages\/974","targetHints":{"allow":["GET"]}}],"collection":[{"href":"https:\/\/www.lucifersetiketten.nl\/hans\/wp-json\/wp\/v2\/pages"}],"about":[{"href":"https:\/\/www.lucifersetiketten.nl\/hans\/wp-json\/wp\/v2\/types\/page"}],"author":[{"embeddable":true,"href":"https:\/\/www.lucifersetiketten.nl\/hans\/wp-json\/wp\/v2\/users\/1"}],"replies":[{"embeddable":true,"href":"https:\/\/www.lucifersetiketten.nl\/hans\/wp-json\/wp\/v2\/comments?post=974"}],"version-history":[{"count":5,"href":"https:\/\/www.lucifersetiketten.nl\/hans\/wp-json\/wp\/v2\/pages\/974\/revisions"}],"predecessor-version":[{"id":1419,"href":"https:\/\/www.lucifersetiketten.nl\/hans\/wp-json\/wp\/v2\/pages\/974\/revisions\/1419"}],"wp:attachment":[{"href":"https:\/\/www.lucifersetiketten.nl\/hans\/wp-json\/wp\/v2\/media?parent=974"}],"curies":[{"name":"wp","href":"https:\/\/api.w.org\/{rel}","templated":true}]}}