{"id":540,"date":"2022-08-08T12:12:41","date_gmt":"2022-08-08T12:12:41","guid":{"rendered":"http:\/\/www.lucifersetiketten.nl\/hans\/?page_id=540"},"modified":"2022-08-12T10:37:41","modified_gmt":"2022-08-12T10:37:41","slug":"norway-country-info","status":"publish","type":"page","link":"https:\/\/www.lucifersetiketten.nl\/hans\/norway-country-info\/","title":{"rendered":"Norway country info"},"content":{"rendered":"\n<p class=\"has-text-align-center\"><strong>Norwegian match factories<br>(From Olav Wetting, 1968: &#8220;Norsk fyrstikkindustri f\u00f8r \u00e5r 1900&#8221;)&nbsp;<\/strong><\/p>\n\n\n\n<figure class=\"wp-block-table\"><table><tbody><tr><td class=\"has-text-align-center\" data-align=\"center\"><img loading=\"lazy\" decoding=\"async\" width=\"136\" height=\"219\" class=\"wp-image-756\" style=\"width: 136px;\" src=\"http:\/\/www.lucifersetiketten.nl\/hans\/wp-content\/uploads\/2022\/08\/noorw04.jpg\" alt=\"\"><\/td><td class=\"has-text-align-center\" data-align=\"center\"><img loading=\"lazy\" decoding=\"async\" width=\"200\" height=\"131\" class=\"wp-image-757\" style=\"width: 200px;\" src=\"http:\/\/www.lucifersetiketten.nl\/hans\/wp-content\/uploads\/2022\/08\/noorw01.jpg\" alt=\"\"><\/td><td class=\"has-text-align-center\" data-align=\"center\"><img loading=\"lazy\" decoding=\"async\" width=\"138\" height=\"208\" class=\"wp-image-758\" style=\"width: 138px;\" src=\"http:\/\/www.lucifersetiketten.nl\/hans\/wp-content\/uploads\/2022\/08\/noorw02.jpg\" alt=\"\"><\/td><td class=\"has-text-align-center\" data-align=\"center\"><img loading=\"lazy\" decoding=\"async\" width=\"200\" height=\"137\" class=\"wp-image-759\" style=\"width: 200px;\" src=\"http:\/\/www.lucifersetiketten.nl\/hans\/wp-content\/uploads\/2022\/08\/noorw03.jpg\" alt=\"\" srcset=\"https:\/\/www.lucifersetiketten.nl\/hans\/wp-content\/uploads\/2022\/08\/noorw03.jpg 194w, https:\/\/www.lucifersetiketten.nl\/hans\/wp-content\/uploads\/2022\/08\/noorw03-130x90.jpg 130w\" sizes=\"auto, (max-width: 200px) 100vw, 200px\" \/><\/td><\/tr><\/tbody><\/table><\/figure>\n\n\n\n<figure class=\"wp-block-table\"><table><tbody><tr><td>1.<\/td><td>F.H. Fr\u00f8lichs Fyrstikfabrik, Nedre Voldgade, Christiania<\/td><td>1846-1856<\/td><\/tr><tr><td>2.<\/td><td>Sandefjord T\u00e6ndstikfabrik, Sandefjord<\/td><td>1848<\/td><\/tr><tr><td>3.<\/td><td>J.T. H\u00f8rners Fyrstikfabrik, Skoger<\/td><td>1849-1850<\/td><\/tr><tr><td>4.<\/td><td>Christiania Fyrstikfabrik, Gr\u00f8nland, Christiania<\/td><td>1852-1860<\/td><\/tr><tr><td>5.<\/td><td>Biskopshavn T\u00e6ndstikfabrik, Aarstad, Bergen<\/td><td>1853-1871<\/td><\/tr><tr><td>6.<\/td><td>Fr. H\u00e4usgens T\u00e6ndstikfabrik, Christiania<\/td><td>1854-1858<\/td><\/tr><tr><td>7.<\/td><td>C.F. Ritters T\u00e6ndstikfabrik, \u00d8. Ager<\/td><td>1855-1860<\/td><\/tr><tr><td>8.<\/td><td>Sogndal T\u00e6ndstikfabrik, Sogndal i Sogn<\/td><td>1855-1884<\/td><\/tr><tr><td>9.<\/td><td>Holmen Fyrstikfabrik, F.H. Fr\u00f8lich, Christiania<\/td><td>1856-1861<\/td><\/tr><tr><td>10.<\/td><td>C.Z. Amnei T\u00e6ndstikfabrik, R\u00f8ros<\/td><td>1857-1860<\/td><\/tr><tr><td>11.<\/td><td>Hamiltons T\u00e6ndstikfabrik, Fredrikshald<\/td><td>1858-1867<\/td><\/tr><tr><td>12.<\/td><td>B\u00f8hmer og S\u00f8rensen T\u00e6ndstikfabrik, Faaberg<\/td><td>1858-1865<\/td><\/tr><tr><td>13.<\/td><td>Nordhaugens Fyrstikfabrik, Ringsager<\/td><td>1859-1870<\/td><\/tr><tr><td>14.<\/td><td>Ihlens T\u00e6ndstikfabrik,Trondhjem<\/td><td>1860-1880<\/td><\/tr><tr><td>15.<\/td><td>Solhallen T\u00e6ndstikfabrik, Halsaa pr. Mandal<\/td><td>1863-1877<\/td><\/tr><tr><td>16.<\/td><td>Nitedals T\u00e6ndstikfabrik, Nitedalen<\/td><td>1863-1895<\/td><\/tr><tr><td>17.<\/td><td>Nylands Fyrstikfabrik, \u00d8. Ager<\/td><td>1865-1870<\/td><\/tr><tr><td>18.<\/td><td>Holens T\u00e6ndstikfabrik, Faaberg<\/td><td>1866-1882<\/td><\/tr><tr><td>19.<\/td><td>H. J\u00f8lsens T\u00e6ndstikfabrik, Enebakk<\/td><td>1866-1886<\/td><\/tr><tr><td>20.<\/td><td>Hardanger T\u00e6ndstikfabrik, Valen<\/td><td>1869-1877<\/td><\/tr><tr><td>21.<\/td><td>Christiania Fyrstikfabrik, Sandager, Christiania<\/td><td>1872-1878<\/td><\/tr><tr><td>22.<\/td><td>L. Bersaas T\u00e6ndstikfabrik, \u00d8re i Romsdal<\/td><td>1872-1880<\/td><\/tr><tr><td>23.<\/td><td>Aar\u00f8 T\u00e6ndstikfabrik, Bols\u00f8 pr. Molde<\/td><td>1872-1875<\/td><\/tr><tr><td>24.<\/td><td>Bryn T\u00e6ndstikfabrik, \u00d8. Ager<\/td><td>1872-1932<\/td><\/tr><tr><td>25.<\/td><td>Vendkv\u00e6rn T\u00e6ndstikfabrik, Vang, Hedemarken<\/td><td>1873-1876<\/td><\/tr><tr><td>26.<\/td><td>Trondhjems T\u00e6ndstikfabrik, Strinden<\/td><td>1873-1881<\/td><\/tr><tr><td>27.<\/td><td>S\u00f8ndre Undals T\u00e6ndstikfabrik, S. Undal pr. Mandal<\/td><td>1873-1883<\/td><\/tr><tr><td>28.<\/td><td>Christiania T\u00e6ndstikfabrik, Heggedal i Asker<\/td><td>1874-1895<\/td><\/tr><tr><td>29.<\/td><td>Askelund T\u00e6ndstikfabrik, H\u00f8le i Ryfylke<\/td><td>1874-1877<\/td><\/tr><tr><td>30.<\/td><td>Christiansand Fyrstikfabrik, Christiansand<\/td><td>1875-1880<\/td><\/tr><tr><td>31.<\/td><td>S\u00f8ndhordland T\u00e6ndstikfabrik, Etne<\/td><td>1875-1880<\/td><\/tr><tr><td>32.<\/td><td>Fredrikshalds, senere Halden T\u00e6ndstikfabrik, Berg<\/td><td>1875-1922<\/td><\/tr><tr><td>33.<\/td><td>Gr\u00f8nvold T\u00e6ndstikfabrik (Nitedals), \u00d8. Ager<\/td><td>1875-<\/td><\/tr><tr><td>34.<\/td><td>R\u00f8dfos T\u00e6ndstikfabrik, V. Toten<\/td><td>1875-1895<\/td><\/tr><tr><td>35.<\/td><td>Jondals Fyrstikfabrik, Jondal i Hardanger<\/td><td>1876-1880<\/td><\/tr><tr><td>36.<\/td><td>Elvbakkens (senere Molde) T\u00e6ndstikfabrik, Bols\u00f8<\/td><td>1876-1902<\/td><\/tr><tr><td>37.<\/td><td>Ilsvaag T\u00e6ndstikfabrik, Ilsvaag i Ryfylke<\/td><td>1876-1890<\/td><\/tr><tr><td>38.<\/td><td>Hamar T\u00e6ndstikfabrik, Vang, senere Hamar<\/td><td>1877-1885<\/td><\/tr><tr><td>39.<\/td><td>H\u00f8vik Fyrstikfabrik, N\u00e6set i Romsdal<\/td><td>1877-1880<\/td><\/tr><tr><td>40.<\/td><td>Agnes T\u00e6ndstikfabrik, Brunlan\u00e6s<\/td><td>1877-<\/td><\/tr><tr><td>41.<\/td><td>Kongsvinger T\u00e6ndstikfabrik, Vinger<\/td><td>1878-1883<\/td><\/tr><tr><td>42.<\/td><td>Oddern\u00e6s T\u00e6ndstikfabrik, Oddern\u00e6s pr. Christiansand<\/td><td>1878-1912<\/td><\/tr><tr><td>43.<\/td><td>H\u00f8gsfjord T\u00e6ndstikfabrik, H\u00f8le i Ryfylke<\/td><td>1879-1880<\/td><\/tr><tr><td>44.<\/td><td>Haugefossen T\u00e6ndstikfabrik, Jondal i Hardanger<\/td><td>1880-1883<\/td><\/tr><tr><td>45.<\/td><td>Karlsn\u00e6s T\u00e6ndstikfabrik, H\u00f8le i Ryfylke<\/td><td>1881<\/td><\/tr><tr><td>46.<\/td><td>Bergens T\u00e6ndstikfabrik, Solheimsvigen pr. Bergen<\/td><td>1884-1895<\/td><\/tr><tr><td>47.<\/td><td>&#8220;Primus&#8221; T\u00e6ndstikfabrik, Ve\u00f8 i Romsdal<\/td><td>1891-1903<\/td><\/tr><\/tbody><\/table><\/figure>\n","protected":false},"excerpt":{"rendered":"<p>Norwegian match factories(From Olav Wetting, 1968: &#8220;Norsk fyrstikkindustri f\u00f8r \u00e5r 1900&#8221;)&nbsp; 1. F.H. Fr\u00f8lichs Fyrstikfabrik, Nedre Voldgade, Christiania 1846-1856 2.<\/p>\n","protected":false},"author":1,"featured_media":0,"parent":0,"menu_order":0,"comment_status":"closed","ping_status":"closed","template":"","meta":{"footnotes":""},"class_list":["post-540","page","type-page","status-publish","hentry"],"_links":{"self":[{"href":"https:\/\/www.lucifersetiketten.nl\/hans\/wp-json\/wp\/v2\/pages\/540","targetHints":{"allow":["GET"]}}],"collection":[{"href":"https:\/\/www.lucifersetiketten.nl\/hans\/wp-json\/wp\/v2\/pages"}],"about":[{"href":"https:\/\/www.lucifersetiketten.nl\/hans\/wp-json\/wp\/v2\/types\/page"}],"author":[{"embeddable":true,"href":"https:\/\/www.lucifersetiketten.nl\/hans\/wp-json\/wp\/v2\/users\/1"}],"replies":[{"embeddable":true,"href":"https:\/\/www.lucifersetiketten.nl\/hans\/wp-json\/wp\/v2\/comments?post=540"}],"version-history":[{"count":4,"href":"https:\/\/www.lucifersetiketten.nl\/hans\/wp-json\/wp\/v2\/pages\/540\/revisions"}],"predecessor-version":[{"id":772,"href":"https:\/\/www.lucifersetiketten.nl\/hans\/wp-json\/wp\/v2\/pages\/540\/revisions\/772"}],"wp:attachment":[{"href":"https:\/\/www.lucifersetiketten.nl\/hans\/wp-json\/wp\/v2\/media?parent=540"}],"curies":[{"name":"wp","href":"https:\/\/api.w.org\/{rel}","templated":true}]}}