{"id":1382,"date":"2022-08-23T05:25:15","date_gmt":"2022-08-23T05:25:15","guid":{"rendered":"http:\/\/www.lucifersetiketten.nl\/hans\/?page_id=1382"},"modified":"2022-08-24T17:49:34","modified_gmt":"2022-08-24T17:49:34","slug":"czech-republic","status":"publish","type":"page","link":"https:\/\/www.lucifersetiketten.nl\/hans\/czech-republic\/","title":{"rendered":"Czech Republic"},"content":{"rendered":"\n<figure class=\"wp-block-table alignwide\"><table><tbody><tr><td><strong>Picture<\/strong><\/td><td><strong>Title\/Author<\/strong>                                                                                                                                                 <\/td><td><strong>Language<\/strong><\/td><\/tr><tr><td><img loading=\"lazy\" decoding=\"async\" width=\"150\" height=\"214\" class=\"wp-image-1424\" style=\"width: 150px;\" src=\"http:\/\/www.lucifersetiketten.nl\/hans\/wp-content\/uploads\/2022\/08\/cz-005.jpg\" alt=\"\" srcset=\"https:\/\/www.lucifersetiketten.nl\/hans\/wp-content\/uploads\/2022\/08\/cz-005.jpg 456w, https:\/\/www.lucifersetiketten.nl\/hans\/wp-content\/uploads\/2022\/08\/cz-005-210x300.jpg 210w\" sizes=\"auto, (max-width: 150px) 100vw, 150px\" \/><\/td><td><strong>\u010ceskoslovensk\u00e9 z\u00e1palkov\u00e9 n\u00e1lepky pro v\u00fdvoz 1945 &#8211; 1983 (1.\u010d\u00e1st)<br><\/strong><br>Author: Ji\u0159\u00ed Hlou\u0161ek &amp; kolektiv&nbsp;&nbsp;&nbsp;&nbsp;&nbsp;&nbsp;&nbsp;&nbsp;&nbsp;&nbsp;&nbsp;&nbsp;&nbsp;&nbsp;&nbsp;&nbsp;&nbsp;&nbsp;&nbsp;&nbsp;&nbsp;&nbsp;&nbsp;&nbsp;&nbsp;&nbsp;&nbsp;&nbsp;&nbsp;&nbsp;&nbsp;&nbsp;&nbsp;&nbsp;&nbsp;&nbsp;&nbsp;&nbsp;&nbsp;&nbsp;&nbsp;&nbsp;&nbsp;&nbsp;&nbsp;&nbsp;&nbsp;&nbsp;&nbsp;&nbsp;&nbsp;&nbsp;&nbsp;&nbsp;&nbsp;&nbsp;&nbsp;&nbsp;&nbsp;&nbsp;&nbsp;&nbsp;&nbsp;<\/td><td>Czech<\/td><\/tr><tr><td><img loading=\"lazy\" decoding=\"async\" width=\"150\" height=\"214\" class=\"wp-image-1425\" style=\"width: 150px;\" src=\"http:\/\/www.lucifersetiketten.nl\/hans\/wp-content\/uploads\/2022\/08\/cz-006.jpg\" alt=\"\" srcset=\"https:\/\/www.lucifersetiketten.nl\/hans\/wp-content\/uploads\/2022\/08\/cz-006.jpg 454w, https:\/\/www.lucifersetiketten.nl\/hans\/wp-content\/uploads\/2022\/08\/cz-006-210x300.jpg 210w\" sizes=\"auto, (max-width: 150px) 100vw, 150px\" \/><\/td><td><strong>\u010ceskoslovensk\u00e9 z\u00e1palkov\u00e9 n\u00e1lepky pro v\u00fdvoz 1945 &#8211; 1983 (2.\u010d\u00e1st)<br><\/strong><br>Author: Ji\u0159\u00ed Hlou\u0161ek &amp; kolektiv&nbsp;&nbsp;&nbsp;&nbsp;&nbsp;&nbsp;&nbsp;&nbsp;&nbsp;&nbsp;&nbsp;&nbsp;&nbsp;&nbsp;&nbsp;&nbsp;&nbsp;&nbsp;&nbsp;&nbsp;&nbsp;&nbsp;&nbsp;&nbsp;&nbsp;&nbsp;&nbsp;&nbsp;&nbsp;&nbsp;&nbsp;&nbsp;&nbsp;&nbsp;&nbsp;&nbsp;&nbsp;&nbsp;&nbsp;&nbsp;&nbsp;&nbsp;&nbsp;&nbsp;&nbsp;&nbsp;&nbsp;&nbsp;&nbsp;&nbsp;&nbsp;&nbsp;&nbsp;&nbsp;&nbsp;&nbsp;&nbsp;&nbsp;&nbsp;&nbsp;&nbsp;&nbsp;&nbsp;<\/td><td>Czech<\/td><\/tr><tr><td><img loading=\"lazy\" decoding=\"async\" width=\"150\" height=\"215\" class=\"wp-image-1426\" style=\"width: 150px;\" src=\"http:\/\/www.lucifersetiketten.nl\/hans\/wp-content\/uploads\/2022\/08\/cz-007.jpg\" alt=\"\" srcset=\"https:\/\/www.lucifersetiketten.nl\/hans\/wp-content\/uploads\/2022\/08\/cz-007.jpg 472w, https:\/\/www.lucifersetiketten.nl\/hans\/wp-content\/uploads\/2022\/08\/cz-007-209x300.jpg 209w\" sizes=\"auto, (max-width: 150px) 100vw, 150px\" \/><\/td><td><strong>\u010ceskoslovensk\u00e9 z\u00e1palkov\u00e9 n\u00e1lepky pro v\u00fdvoz 1945 &#8211; 1983 (3.\u010d\u00e1st)<br><\/strong><br>Author: Ji\u0159\u00ed Hlou\u0161ek &amp; kolektiv&nbsp;&nbsp;&nbsp; &nbsp;&nbsp;&nbsp;&nbsp;&nbsp;&nbsp;&nbsp;&nbsp;&nbsp;&nbsp;&nbsp;&nbsp;&nbsp;&nbsp;&nbsp;&nbsp;&nbsp;&nbsp;&nbsp;&nbsp;&nbsp;&nbsp;&nbsp;&nbsp;&nbsp;&nbsp;&nbsp;&nbsp;&nbsp;&nbsp;&nbsp;&nbsp;&nbsp;&nbsp;&nbsp;&nbsp;&nbsp;&nbsp;&nbsp;&nbsp;&nbsp;&nbsp;&nbsp;&nbsp;&nbsp;&nbsp;&nbsp;&nbsp;&nbsp;&nbsp;&nbsp;&nbsp;&nbsp;&nbsp;&nbsp;&nbsp;&nbsp;&nbsp;&nbsp;&nbsp;<\/td><td>Czech<\/td><\/tr><tr><td><img loading=\"lazy\" decoding=\"async\" width=\"150\" height=\"216\" class=\"wp-image-1427\" style=\"width: 150px;\" src=\"http:\/\/www.lucifersetiketten.nl\/hans\/wp-content\/uploads\/2022\/08\/cz-029d.jpg\" alt=\"\" srcset=\"https:\/\/www.lucifersetiketten.nl\/hans\/wp-content\/uploads\/2022\/08\/cz-029d.jpg 471w, https:\/\/www.lucifersetiketten.nl\/hans\/wp-content\/uploads\/2022\/08\/cz-029d-209x300.jpg 209w\" sizes=\"auto, (max-width: 150px) 100vw, 150px\" \/><\/td><td><strong>\u010ceskoslovensk\u00e9 z\u00e1palkov\u00e9 n\u00e1lepky 1918 &#8211; 1945<br><\/strong><br>Author: Ji\u0159\u00ed \u0160perk,2017&nbsp;&nbsp;&nbsp;&nbsp;&nbsp;&nbsp;&nbsp;&nbsp;&nbsp;&nbsp;&nbsp;&nbsp;&nbsp;&nbsp;&nbsp;&nbsp;&nbsp;&nbsp;&nbsp;&nbsp;&nbsp;&nbsp;&nbsp;&nbsp;&nbsp;&nbsp;&nbsp;&nbsp;&nbsp;&nbsp;&nbsp;&nbsp;&nbsp;&nbsp;&nbsp;&nbsp;&nbsp;&nbsp;&nbsp;&nbsp;&nbsp;&nbsp;&nbsp;&nbsp;&nbsp;&nbsp;&nbsp;&nbsp;&nbsp;&nbsp;&nbsp;&nbsp;&nbsp;&nbsp;&nbsp;&nbsp;&nbsp;&nbsp;&nbsp;&nbsp;&nbsp;&nbsp;&nbsp;&nbsp;&nbsp;&nbsp;&nbsp;&nbsp;&nbsp;&nbsp;&nbsp;&nbsp;&nbsp;&nbsp;&nbsp;&nbsp;&nbsp;&nbsp;<\/td><td>Czech<\/td><\/tr><tr><td><img loading=\"lazy\" decoding=\"async\" width=\"150\" height=\"212\" class=\"wp-image-1483\" style=\"width: 150px;\" src=\"http:\/\/www.lucifersetiketten.nl\/hans\/wp-content\/uploads\/2022\/08\/cz-029.jpg\" alt=\"\" srcset=\"https:\/\/www.lucifersetiketten.nl\/hans\/wp-content\/uploads\/2022\/08\/cz-029.jpg 468w, https:\/\/www.lucifersetiketten.nl\/hans\/wp-content\/uploads\/2022\/08\/cz-029-213x300.jpg 213w\" sizes=\"auto, (max-width: 150px) 100vw, 150px\" \/><\/td><td><strong>\u010ceskoslovensk\u00e9 z\u00e1palkov\u00e9 n\u00e1lepky 1945 &#8211; 1958<br><\/strong><br>Author: Ji\u0159\u00ed \u0160perk<\/td><td>Czech<\/td><\/tr><tr><td><img loading=\"lazy\" decoding=\"async\" width=\"150\" height=\"214\" class=\"wp-image-1484\" style=\"width: 150px;\" src=\"http:\/\/www.lucifersetiketten.nl\/hans\/wp-content\/uploads\/2022\/08\/cz-030.jpg\" alt=\"\" srcset=\"https:\/\/www.lucifersetiketten.nl\/hans\/wp-content\/uploads\/2022\/08\/cz-030.jpg 453w, https:\/\/www.lucifersetiketten.nl\/hans\/wp-content\/uploads\/2022\/08\/cz-030-210x300.jpg 210w\" sizes=\"auto, (max-width: 150px) 100vw, 150px\" \/><\/td><td><strong>\u010ceskoslovensk\u00e9 z\u00e1palkov\u00e9 n\u00e1lepky 1959 &#8211; 1960<br><\/strong><br>Author: Ji\u0159\u00ed \u0160perk<\/td><td>Czech<\/td><\/tr><tr><td><img loading=\"lazy\" decoding=\"async\" width=\"150\" height=\"205\" class=\"wp-image-1485\" style=\"width: 150px;\" src=\"http:\/\/www.lucifersetiketten.nl\/hans\/wp-content\/uploads\/2022\/08\/cz-031.jpg\" alt=\"\" srcset=\"https:\/\/www.lucifersetiketten.nl\/hans\/wp-content\/uploads\/2022\/08\/cz-031.jpg 476w, https:\/\/www.lucifersetiketten.nl\/hans\/wp-content\/uploads\/2022\/08\/cz-031-219x300.jpg 219w\" sizes=\"auto, (max-width: 150px) 100vw, 150px\" \/><\/td><td><strong>\u010ceskoslovensk\u00e9 z\u00e1palkov\u00e9 n\u00e1lepky 1961<br><\/strong><br>Author: Ji\u0159\u00ed \u0160perk<\/td><td>Czech<\/td><\/tr><tr><td><img loading=\"lazy\" decoding=\"async\" width=\"150\" height=\"212\" class=\"wp-image-1486\" style=\"width: 150px;\" src=\"http:\/\/www.lucifersetiketten.nl\/hans\/wp-content\/uploads\/2022\/08\/cz-032.jpg\" alt=\"\" srcset=\"https:\/\/www.lucifersetiketten.nl\/hans\/wp-content\/uploads\/2022\/08\/cz-032.jpg 470w, https:\/\/www.lucifersetiketten.nl\/hans\/wp-content\/uploads\/2022\/08\/cz-032-212x300.jpg 212w\" sizes=\"auto, (max-width: 150px) 100vw, 150px\" \/><\/td><td><strong>\u010ceskoslovensk\u00e9 z\u00e1palkov\u00e9 n\u00e1lepky 1962<br><\/strong><br>Author: Ji\u0159\u00ed \u0160perk<\/td><td>Czech<\/td><\/tr><tr><td><img loading=\"lazy\" decoding=\"async\" width=\"150\" height=\"209\" class=\"wp-image-1487\" style=\"width: 150px;\" src=\"http:\/\/www.lucifersetiketten.nl\/hans\/wp-content\/uploads\/2022\/08\/cz-033.jpg\" alt=\"\" srcset=\"https:\/\/www.lucifersetiketten.nl\/hans\/wp-content\/uploads\/2022\/08\/cz-033.jpg 472w, https:\/\/www.lucifersetiketten.nl\/hans\/wp-content\/uploads\/2022\/08\/cz-033-215x300.jpg 215w\" sizes=\"auto, (max-width: 150px) 100vw, 150px\" \/><\/td><td><strong>\u010ceskoslovensk\u00e9 z\u00e1palkov\u00e9 n\u00e1lepky 1963<br><\/strong><br>Author: Ji\u0159\u00ed \u0160perk<\/td><td>Czech<\/td><\/tr><tr><td><img loading=\"lazy\" decoding=\"async\" width=\"150\" height=\"219\" class=\"wp-image-1488\" style=\"width: 150px;\" src=\"http:\/\/www.lucifersetiketten.nl\/hans\/wp-content\/uploads\/2022\/08\/cz-034.jpg\" alt=\"\" srcset=\"https:\/\/www.lucifersetiketten.nl\/hans\/wp-content\/uploads\/2022\/08\/cz-034.jpg 462w, https:\/\/www.lucifersetiketten.nl\/hans\/wp-content\/uploads\/2022\/08\/cz-034-205x300.jpg 205w\" sizes=\"auto, (max-width: 150px) 100vw, 150px\" \/><\/td><td><strong>\u010ceskoslovensk\u00e9 z\u00e1palkov\u00e9 n\u00e1lepky 1964<br><\/strong><br>Author: Ji\u0159\u00ed \u0160perk<\/td><td>Czech<\/td><\/tr><tr><td><img loading=\"lazy\" decoding=\"async\" width=\"150\" height=\"212\" class=\"wp-image-1489\" style=\"width: 150px;\" src=\"http:\/\/www.lucifersetiketten.nl\/hans\/wp-content\/uploads\/2022\/08\/cz-035.jpg\" alt=\"\" srcset=\"https:\/\/www.lucifersetiketten.nl\/hans\/wp-content\/uploads\/2022\/08\/cz-035.jpg 471w, https:\/\/www.lucifersetiketten.nl\/hans\/wp-content\/uploads\/2022\/08\/cz-035-212x300.jpg 212w\" sizes=\"auto, (max-width: 150px) 100vw, 150px\" \/><\/td><td><strong>\u010ceskoslovensk\u00e9 z\u00e1palkov\u00e9 n\u00e1lepky 1965<br><\/strong><br>Author: Ji\u0159\u00ed \u0160perk<\/td><td>Czech<\/td><\/tr><tr><td><img loading=\"lazy\" decoding=\"async\" width=\"150\" height=\"212\" class=\"wp-image-1490\" style=\"width: 150px;\" src=\"http:\/\/www.lucifersetiketten.nl\/hans\/wp-content\/uploads\/2022\/08\/cz-036.jpg\" alt=\"\" srcset=\"https:\/\/www.lucifersetiketten.nl\/hans\/wp-content\/uploads\/2022\/08\/cz-036.jpg 471w, https:\/\/www.lucifersetiketten.nl\/hans\/wp-content\/uploads\/2022\/08\/cz-036-212x300.jpg 212w\" sizes=\"auto, (max-width: 150px) 100vw, 150px\" \/><\/td><td><strong>\u010ceskoslovensk\u00e9 z\u00e1palkov\u00e9 n\u00e1lepky 1966<br><\/strong><br>Author: Ji\u0159\u00ed \u0160perk<\/td><td>Czech<\/td><\/tr><tr><td><img loading=\"lazy\" decoding=\"async\" width=\"150\" height=\"221\" class=\"wp-image-1491\" style=\"width: 150px;\" src=\"http:\/\/www.lucifersetiketten.nl\/hans\/wp-content\/uploads\/2022\/08\/cz-037.jpg\" alt=\"\" srcset=\"https:\/\/www.lucifersetiketten.nl\/hans\/wp-content\/uploads\/2022\/08\/cz-037.jpg 455w, https:\/\/www.lucifersetiketten.nl\/hans\/wp-content\/uploads\/2022\/08\/cz-037-204x300.jpg 204w\" sizes=\"auto, (max-width: 150px) 100vw, 150px\" \/><\/td><td><strong>\u010ceskoslovensk\u00e9 z\u00e1palkov\u00e9 n\u00e1lepky 1967<br><\/strong><br>Author: Ji\u0159\u00ed \u0160perk<\/td><td>Czech<\/td><\/tr><tr><td><img loading=\"lazy\" decoding=\"async\" width=\"150\" height=\"221\" class=\"wp-image-1492\" style=\"width: 150px;\" src=\"http:\/\/www.lucifersetiketten.nl\/hans\/wp-content\/uploads\/2022\/08\/cz-038.jpg\" alt=\"\" srcset=\"https:\/\/www.lucifersetiketten.nl\/hans\/wp-content\/uploads\/2022\/08\/cz-038.jpg 447w, https:\/\/www.lucifersetiketten.nl\/hans\/wp-content\/uploads\/2022\/08\/cz-038-203x300.jpg 203w\" sizes=\"auto, (max-width: 150px) 100vw, 150px\" \/><\/td><td><strong>\u010ceskoslovensk\u00e9 z\u00e1palkov\u00e9 n\u00e1lepky 1968<br><\/strong><br>Author: Ji\u0159\u00ed \u0160perk<\/td><td>Czech<\/td><\/tr><tr><td><img loading=\"lazy\" decoding=\"async\" width=\"150\" height=\"217\" class=\"wp-image-1493\" style=\"width: 150px;\" src=\"http:\/\/www.lucifersetiketten.nl\/hans\/wp-content\/uploads\/2022\/08\/cz-039.jpg\" alt=\"\" srcset=\"https:\/\/www.lucifersetiketten.nl\/hans\/wp-content\/uploads\/2022\/08\/cz-039.jpg 464w, https:\/\/www.lucifersetiketten.nl\/hans\/wp-content\/uploads\/2022\/08\/cz-039-207x300.jpg 207w\" sizes=\"auto, (max-width: 150px) 100vw, 150px\" \/><\/td><td><strong>\u010ceskoslovensk\u00e9 z\u00e1palkov\u00e9 n\u00e1lepky 1969<br><\/strong><br>Author: Ji\u0159\u00ed \u0160perk<\/td><td>Czech<\/td><\/tr><tr><td><img loading=\"lazy\" decoding=\"async\" width=\"150\" height=\"216\" class=\"wp-image-1494\" style=\"width: 150px;\" src=\"http:\/\/www.lucifersetiketten.nl\/hans\/wp-content\/uploads\/2022\/08\/cz-040.jpg\" alt=\"\" srcset=\"https:\/\/www.lucifersetiketten.nl\/hans\/wp-content\/uploads\/2022\/08\/cz-040.jpg 470w, https:\/\/www.lucifersetiketten.nl\/hans\/wp-content\/uploads\/2022\/08\/cz-040-208x300.jpg 208w\" sizes=\"auto, (max-width: 150px) 100vw, 150px\" \/><\/td><td><strong>\u010ceskoslovensk\u00e9 z\u00e1palkov\u00e9 n\u00e1lepky 1970<br><\/strong><br>Author: Ji\u0159\u00ed \u0160perk<\/td><td>Czech<\/td><\/tr><tr><td><img loading=\"lazy\" decoding=\"async\" width=\"150\" height=\"211\" class=\"wp-image-1495\" style=\"width: 150px;\" src=\"http:\/\/www.lucifersetiketten.nl\/hans\/wp-content\/uploads\/2022\/08\/cz-041.jpg\" alt=\"\" srcset=\"https:\/\/www.lucifersetiketten.nl\/hans\/wp-content\/uploads\/2022\/08\/cz-041.jpg 471w, https:\/\/www.lucifersetiketten.nl\/hans\/wp-content\/uploads\/2022\/08\/cz-041-214x300.jpg 214w\" sizes=\"auto, (max-width: 150px) 100vw, 150px\" \/><\/td><td><strong>\u010ceskoslovensk\u00e9 z\u00e1palkov\u00e9 n\u00e1lepky 1971 &#8211; 1972<br><\/strong><br>Author: Ji\u0159\u00ed \u0160perk<\/td><td>Czech<\/td><\/tr><tr><td><img loading=\"lazy\" decoding=\"async\" width=\"150\" height=\"224\" class=\"wp-image-1496\" style=\"width: 150px;\" src=\"http:\/\/www.lucifersetiketten.nl\/hans\/wp-content\/uploads\/2022\/08\/cz-042.jpg\" alt=\"\" srcset=\"https:\/\/www.lucifersetiketten.nl\/hans\/wp-content\/uploads\/2022\/08\/cz-042.jpg 454w, https:\/\/www.lucifersetiketten.nl\/hans\/wp-content\/uploads\/2022\/08\/cz-042-201x300.jpg 201w\" sizes=\"auto, (max-width: 150px) 100vw, 150px\" \/><\/td><td><strong>\u010ceskoslovensk\u00e9 z\u00e1palkov\u00e9 n\u00e1lepky 1973<br><\/strong><br>Author: Ji\u0159\u00ed \u0160perk<\/td><td>Czech<\/td><\/tr><tr><td><img loading=\"lazy\" decoding=\"async\" width=\"150\" height=\"214\" class=\"wp-image-1497\" style=\"width: 150px;\" src=\"http:\/\/www.lucifersetiketten.nl\/hans\/wp-content\/uploads\/2022\/08\/cz-043.jpg\" alt=\"\" srcset=\"https:\/\/www.lucifersetiketten.nl\/hans\/wp-content\/uploads\/2022\/08\/cz-043.jpg 455w, https:\/\/www.lucifersetiketten.nl\/hans\/wp-content\/uploads\/2022\/08\/cz-043-211x300.jpg 211w\" sizes=\"auto, (max-width: 150px) 100vw, 150px\" \/><\/td><td><strong>\u010ceskoslovensk\u00e9 z\u00e1palkov\u00e9 n\u00e1lepky 1974 &#8211; 1975<br><\/strong><br>Author: Ji\u0159\u00ed \u0160perk<\/td><td>Czech<\/td><\/tr><tr><td><img loading=\"lazy\" decoding=\"async\" width=\"150\" height=\"208\" class=\"wp-image-1498\" style=\"width: 150px;\" src=\"http:\/\/www.lucifersetiketten.nl\/hans\/wp-content\/uploads\/2022\/08\/cz-044-1.jpg\" alt=\"\" srcset=\"https:\/\/www.lucifersetiketten.nl\/hans\/wp-content\/uploads\/2022\/08\/cz-044-1.jpg 466w, https:\/\/www.lucifersetiketten.nl\/hans\/wp-content\/uploads\/2022\/08\/cz-044-1-216x300.jpg 216w\" sizes=\"auto, (max-width: 150px) 100vw, 150px\" \/><\/td><td><strong>\u010ceskoslovensk\u00e9 z\u00e1palkov\u00e9 n\u00e1lepky 1976 &#8211; 1979<br><\/strong><br>Author: J. \u0160perk\/J. Harap\u00e1t<\/td><td>Czech<\/td><\/tr><tr><td><img loading=\"lazy\" decoding=\"async\" width=\"150\" height=\"213\" class=\"wp-image-1499\" style=\"width: 150px;\" src=\"http:\/\/www.lucifersetiketten.nl\/hans\/wp-content\/uploads\/2022\/08\/cz-045-1.jpg\" alt=\"\" srcset=\"https:\/\/www.lucifersetiketten.nl\/hans\/wp-content\/uploads\/2022\/08\/cz-045-1.jpg 460w, https:\/\/www.lucifersetiketten.nl\/hans\/wp-content\/uploads\/2022\/08\/cz-045-1-211x300.jpg 211w\" sizes=\"auto, (max-width: 150px) 100vw, 150px\" \/><\/td><td><strong>\u010ceskoslovensk\u00e9 z\u00e1palkov\u00e9 n\u00e1lepky 1980 &#8211; 1988<br><\/strong><br>Author: J. Harap\u00e1t\/ J. Jindra<\/td><td>Czech<\/td><\/tr><tr><td><img loading=\"lazy\" decoding=\"async\" width=\"150\" height=\"211\" class=\"wp-image-1500\" style=\"width: 150px;\" src=\"http:\/\/www.lucifersetiketten.nl\/hans\/wp-content\/uploads\/2022\/08\/cz-046.jpg\" alt=\"\" srcset=\"https:\/\/www.lucifersetiketten.nl\/hans\/wp-content\/uploads\/2022\/08\/cz-046.jpg 418w, https:\/\/www.lucifersetiketten.nl\/hans\/wp-content\/uploads\/2022\/08\/cz-046-214x300.jpg 214w\" sizes=\"auto, (max-width: 150px) 100vw, 150px\" \/><\/td><td><strong>\u010ceskoslovensk\u00e9 z\u00e1palkov\u00e9 n\u00e1lepky 1989 &#8211; 1992<br><\/strong><br>Author: J. Jindra<\/td><td>Czech<\/td><\/tr><tr><td><img loading=\"lazy\" decoding=\"async\" width=\"150\" height=\"209\" class=\"wp-image-1430\" style=\"width: 150px;\" src=\"http:\/\/www.lucifersetiketten.nl\/hans\/wp-content\/uploads\/2022\/08\/cz-066.jpg\" alt=\"\" srcset=\"https:\/\/www.lucifersetiketten.nl\/hans\/wp-content\/uploads\/2022\/08\/cz-066.jpg 567w, https:\/\/www.lucifersetiketten.nl\/hans\/wp-content\/uploads\/2022\/08\/cz-066-215x300.jpg 215w\" sizes=\"auto, (max-width: 150px) 100vw, 150px\" \/><\/td><td><strong>Katalog z\u00e1kaznick\u00fdch n\u00e1lepek \u010cR pro v\u00fdvoz r. &nbsp;Fa. A.Z.E.M. 1993-1999<br><\/strong><br>Author: Milan Hejl<\/td><td>Czech<\/td><\/tr><tr><td><img loading=\"lazy\" decoding=\"async\" width=\"150\" height=\"208\" class=\"wp-image-1431\" style=\"width: 150px;\" src=\"http:\/\/www.lucifersetiketten.nl\/hans\/wp-content\/uploads\/2022\/08\/cz-076.jpg\" alt=\"\" srcset=\"https:\/\/www.lucifersetiketten.nl\/hans\/wp-content\/uploads\/2022\/08\/cz-076.jpg 554w, https:\/\/www.lucifersetiketten.nl\/hans\/wp-content\/uploads\/2022\/08\/cz-076-216x300.jpg 216w\" sizes=\"auto, (max-width: 150px) 100vw, 150px\" \/><\/td><td><strong>Katalog \u010desk\u00fdch reklamn\u00edch z\u00e1pal. n\u00e1lep. NORD-GOLD s.r.o. Plze\u0148, 1997-2005&#8243;<br><\/strong><br>Author: ?<\/td><td>Czech<\/td><\/tr><tr><td><img loading=\"lazy\" decoding=\"async\" width=\"150\" height=\"212\" class=\"wp-image-1432\" style=\"width: 150px;\" src=\"http:\/\/www.lucifersetiketten.nl\/hans\/wp-content\/uploads\/2022\/08\/cz-086.jpg\" alt=\"\" srcset=\"https:\/\/www.lucifersetiketten.nl\/hans\/wp-content\/uploads\/2022\/08\/cz-086.jpg 546w, https:\/\/www.lucifersetiketten.nl\/hans\/wp-content\/uploads\/2022\/08\/cz-086-212x300.jpg 212w\" sizes=\"auto, (max-width: 150px) 100vw, 150px\" \/><\/td><td><strong>Katalog z\u00e1palkov\u00fdch n\u00e1lepek firmy ZAPALKA, 1998-2005&#8243; str. 1-635<br><\/strong><br>Author: Karel Palka<\/td><td>Czech<\/td><\/tr><tr><td><img loading=\"lazy\" decoding=\"async\" width=\"150\" height=\"214\" class=\"wp-image-1433\" style=\"width: 150px;\" src=\"http:\/\/www.lucifersetiketten.nl\/hans\/wp-content\/uploads\/2022\/08\/cz-162.jpg\" alt=\"\" srcset=\"https:\/\/www.lucifersetiketten.nl\/hans\/wp-content\/uploads\/2022\/08\/cz-162.jpg 438w, https:\/\/www.lucifersetiketten.nl\/hans\/wp-content\/uploads\/2022\/08\/cz-162-210x300.jpg 210w\" sizes=\"auto, (max-width: 150px) 100vw, 150px\" \/><\/td><td><strong>Katalog zapalkovych nalepek\u2026.reklamni agenturou &nbsp;RESI 1991\/2022<br><\/strong><br>Author: Miloslav J\u00e1nsk\u00fd, 2016-2022<\/td><td>Czech<\/td><\/tr><tr><td><img loading=\"lazy\" decoding=\"async\" width=\"150\" height=\"211\" class=\"wp-image-1482\" style=\"width: 150px;\" src=\"http:\/\/www.lucifersetiketten.nl\/hans\/wp-content\/uploads\/2022\/08\/cz-014.jpg\" alt=\"\" srcset=\"https:\/\/www.lucifersetiketten.nl\/hans\/wp-content\/uploads\/2022\/08\/cz-014.jpg 1750w, https:\/\/www.lucifersetiketten.nl\/hans\/wp-content\/uploads\/2022\/08\/cz-014-213x300.jpg 213w, https:\/\/www.lucifersetiketten.nl\/hans\/wp-content\/uploads\/2022\/08\/cz-014-728x1024.jpg 728w, https:\/\/www.lucifersetiketten.nl\/hans\/wp-content\/uploads\/2022\/08\/cz-014-768x1081.jpg 768w, https:\/\/www.lucifersetiketten.nl\/hans\/wp-content\/uploads\/2022\/08\/cz-014-1091x1536.jpg 1091w, https:\/\/www.lucifersetiketten.nl\/hans\/wp-content\/uploads\/2022\/08\/cz-014-1455x2048.jpg 1455w\" sizes=\"auto, (max-width: 150px) 100vw, 150px\" \/><\/td><td><strong>\u010cESKOSLOVENSK\u00c9 Z\u00c1PALKOV\u00c9 N\u00c1LEPKY PRO V\u00ddVOZ 1918-1945<\/strong><br><br>Author: Ji\u0159\u00ed Ku\u010dera + Josef Erben\u00a0\u00a0\u00a0<\/td><td>Czech<\/td><\/tr><tr><td><img loading=\"lazy\" decoding=\"async\" width=\"150\" height=\"214\" class=\"wp-image-1501\" style=\"width: 150px;\" src=\"http:\/\/www.lucifersetiketten.nl\/hans\/wp-content\/uploads\/2022\/08\/cz-092a.jpg\" alt=\"\" srcset=\"https:\/\/www.lucifersetiketten.nl\/hans\/wp-content\/uploads\/2022\/08\/cz-092a.jpg 1741w, https:\/\/www.lucifersetiketten.nl\/hans\/wp-content\/uploads\/2022\/08\/cz-092a-211x300.jpg 211w, https:\/\/www.lucifersetiketten.nl\/hans\/wp-content\/uploads\/2022\/08\/cz-092a-719x1024.jpg 719w, https:\/\/www.lucifersetiketten.nl\/hans\/wp-content\/uploads\/2022\/08\/cz-092a-768x1094.jpg 768w, https:\/\/www.lucifersetiketten.nl\/hans\/wp-content\/uploads\/2022\/08\/cz-092a-1079x1536.jpg 1079w, https:\/\/www.lucifersetiketten.nl\/hans\/wp-content\/uploads\/2022\/08\/cz-092a-1438x2048.jpg 1438w\" sizes=\"auto, (max-width: 150px) 100vw, 150px\" \/><\/td><td><strong>Ceskoslovensko zapalkove nalepky pro vyvoz 1945-1992, 1. Dil<br><\/strong><br>Author: Jiri Kucera en Jan Homolka<br><br>2013<\/td><td>Czech<\/td><\/tr><tr><td><img loading=\"lazy\" decoding=\"async\" width=\"150\" height=\"213\" class=\"wp-image-1502\" style=\"width: 150px;\" src=\"http:\/\/www.lucifersetiketten.nl\/hans\/wp-content\/uploads\/2022\/08\/cz-092b.jpg\" alt=\"\" srcset=\"https:\/\/www.lucifersetiketten.nl\/hans\/wp-content\/uploads\/2022\/08\/cz-092b.jpg 1750w, https:\/\/www.lucifersetiketten.nl\/hans\/wp-content\/uploads\/2022\/08\/cz-092b-211x300.jpg 211w, https:\/\/www.lucifersetiketten.nl\/hans\/wp-content\/uploads\/2022\/08\/cz-092b-722x1024.jpg 722w, https:\/\/www.lucifersetiketten.nl\/hans\/wp-content\/uploads\/2022\/08\/cz-092b-768x1090.jpg 768w, https:\/\/www.lucifersetiketten.nl\/hans\/wp-content\/uploads\/2022\/08\/cz-092b-1083x1536.jpg 1083w, https:\/\/www.lucifersetiketten.nl\/hans\/wp-content\/uploads\/2022\/08\/cz-092b-1443x2048.jpg 1443w\" sizes=\"auto, (max-width: 150px) 100vw, 150px\" \/><\/td><td><strong>Ceskoslovensko zapalkove nalepky pro vyvoz 1945-1992, 2. Dil<br><\/strong><br>Author: Jiri Kucera en Jan Homolka<br><br>2014<\/td><td>Czech<\/td><\/tr><tr><td><img loading=\"lazy\" decoding=\"async\" width=\"150\" height=\"210\" class=\"wp-image-1503\" style=\"width: 150px;\" src=\"http:\/\/www.lucifersetiketten.nl\/hans\/wp-content\/uploads\/2022\/08\/cz-092c.jpg\" alt=\"\" srcset=\"https:\/\/www.lucifersetiketten.nl\/hans\/wp-content\/uploads\/2022\/08\/cz-092c.jpg 1766w, https:\/\/www.lucifersetiketten.nl\/hans\/wp-content\/uploads\/2022\/08\/cz-092c-214x300.jpg 214w, https:\/\/www.lucifersetiketten.nl\/hans\/wp-content\/uploads\/2022\/08\/cz-092c-731x1024.jpg 731w, https:\/\/www.lucifersetiketten.nl\/hans\/wp-content\/uploads\/2022\/08\/cz-092c-768x1076.jpg 768w, https:\/\/www.lucifersetiketten.nl\/hans\/wp-content\/uploads\/2022\/08\/cz-092c-1096x1536.jpg 1096w, https:\/\/www.lucifersetiketten.nl\/hans\/wp-content\/uploads\/2022\/08\/cz-092c-1462x2048.jpg 1462w\" sizes=\"auto, (max-width: 150px) 100vw, 150px\" \/><\/td><td><strong>Ceskoslovensko zapalkove nalepky pro vyvoz 1945-1992,3. Dil<br><\/strong><br>Author: Jiri Kucera en Jan Homolka<br><br>2015<\/td><td>Czech<\/td><\/tr><tr><td><img loading=\"lazy\" decoding=\"async\" width=\"150\" height=\"215\" class=\"wp-image-1423\" style=\"width: 150px;\" src=\"http:\/\/www.lucifersetiketten.nl\/hans\/wp-content\/uploads\/2022\/08\/cz-0001.jpg\" alt=\"\" srcset=\"https:\/\/www.lucifersetiketten.nl\/hans\/wp-content\/uploads\/2022\/08\/cz-0001.jpg 433w, https:\/\/www.lucifersetiketten.nl\/hans\/wp-content\/uploads\/2022\/08\/cz-0001-209x300.jpg 209w\" sizes=\"auto, (max-width: 150px) 100vw, 150px\" \/><\/td><td><strong>Czech catalogue with all pictures 1945-1992<br><\/strong><br>Author: &#8230;&#8230;&#8230;&#8230;.<\/td><td>Czech<\/td><\/tr><\/tbody><\/table><\/figure>\n","protected":false},"excerpt":{"rendered":"<p>Picture Title\/Author Language \u010ceskoslovensk\u00e9 z\u00e1palkov\u00e9 n\u00e1lepky pro v\u00fdvoz 1945 &#8211; 1983 (1.\u010d\u00e1st)Author: Ji\u0159\u00ed Hlou\u0161ek &amp; kolektiv&nbsp;&nbsp;&nbsp;&nbsp;&nbsp;&nbsp;&nbsp;&nbsp;&nbsp;&nbsp;&nbsp;&nbsp;&nbsp;&nbsp;&nbsp;&nbsp;&nbsp;&nbsp;&nbsp;&nbsp;&nbsp;&nbsp;&nbsp;&nbsp;&nbsp;&nbsp;&nbsp;&nbsp;&nbsp;&nbsp;&nbsp;&nbsp;&nbsp;&nbsp;&nbsp;&nbsp;&nbsp;&nbsp;&nbsp;&nbsp;&nbsp;&nbsp;&nbsp;&nbsp;&nbsp;&nbsp;&nbsp;&nbsp;&nbsp;&nbsp;&nbsp;&nbsp;&nbsp;&nbsp;&nbsp;&nbsp;&nbsp;&nbsp;&nbsp;&nbsp;&nbsp;&nbsp;&nbsp; Czech \u010ceskoslovensk\u00e9 z\u00e1palkov\u00e9 n\u00e1lepky<\/p>\n","protected":false},"author":1,"featured_media":0,"parent":0,"menu_order":0,"comment_status":"closed","ping_status":"closed","template":"","meta":{"footnotes":""},"class_list":["post-1382","page","type-page","status-publish","hentry"],"_links":{"self":[{"href":"https:\/\/www.lucifersetiketten.nl\/hans\/wp-json\/wp\/v2\/pages\/1382","targetHints":{"allow":["GET"]}}],"collection":[{"href":"https:\/\/www.lucifersetiketten.nl\/hans\/wp-json\/wp\/v2\/pages"}],"about":[{"href":"https:\/\/www.lucifersetiketten.nl\/hans\/wp-json\/wp\/v2\/types\/page"}],"author":[{"embeddable":true,"href":"https:\/\/www.lucifersetiketten.nl\/hans\/wp-json\/wp\/v2\/users\/1"}],"replies":[{"embeddable":true,"href":"https:\/\/www.lucifersetiketten.nl\/hans\/wp-json\/wp\/v2\/comments?post=1382"}],"version-history":[{"count":8,"href":"https:\/\/www.lucifersetiketten.nl\/hans\/wp-json\/wp\/v2\/pages\/1382\/revisions"}],"predecessor-version":[{"id":1507,"href":"https:\/\/www.lucifersetiketten.nl\/hans\/wp-json\/wp\/v2\/pages\/1382\/revisions\/1507"}],"wp:attachment":[{"href":"https:\/\/www.lucifersetiketten.nl\/hans\/wp-json\/wp\/v2\/media?parent=1382"}],"curies":[{"name":"wp","href":"https:\/\/api.w.org\/{rel}","templated":true}]}}