{"id":1111,"date":"2022-08-20T10:11:49","date_gmt":"2022-08-20T10:11:49","guid":{"rendered":"http:\/\/www.lucifersetiketten.nl\/hans\/?page_id=1111"},"modified":"2022-08-26T07:32:08","modified_gmt":"2022-08-26T07:32:08","slug":"austria","status":"publish","type":"page","link":"https:\/\/www.lucifersetiketten.nl\/hans\/austria\/","title":{"rendered":"Austria"},"content":{"rendered":"\n<figure class=\"wp-block-table alignwide\"><table><tbody><tr><td><strong>Picture<\/strong><\/td><td><strong>Title\/Author<\/strong>                                                                                                                                                 <\/td><td><strong>Language<\/strong><\/td><\/tr><tr><td><img loading=\"lazy\" decoding=\"async\" width=\"150\" height=\"211\" class=\"wp-image-1534\" style=\"width: 150px;\" src=\"http:\/\/www.lucifersetiketten.nl\/hans\/wp-content\/uploads\/2022\/08\/oos-001a.gif\" alt=\"\"><\/td><td><strong>Alt-Austria Z\u00fcndholz-Etiketten 1832-1916<\/strong><br><br>Author: Peter D\u00f6rling<\/td><td>German<\/td><\/tr><tr><td><img loading=\"lazy\" decoding=\"async\" width=\"150\" height=\"212\" class=\"wp-image-1128\" style=\"width: 150px;\" src=\"http:\/\/www.lucifersetiketten.nl\/hans\/wp-content\/uploads\/2022\/08\/oos-001.jpg\" alt=\"\" srcset=\"https:\/\/www.lucifersetiketten.nl\/hans\/wp-content\/uploads\/2022\/08\/oos-001.jpg 479w, https:\/\/www.lucifersetiketten.nl\/hans\/wp-content\/uploads\/2022\/08\/oos-001-212x300.jpg 212w\" sizes=\"auto, (max-width: 150px) 100vw, 150px\" \/><\/td><td><strong>Alt-Austria Z\u00fcndholz-Etiketten Solo-Serien 1903 &#8211; 1916<br><\/strong><br>Author: Peter D\u00f6rling<\/td><td>German<\/td><\/tr><tr><td><img loading=\"lazy\" decoding=\"async\" width=\"150\" height=\"216\" class=\"wp-image-1129\" style=\"width: 150px;\" src=\"http:\/\/www.lucifersetiketten.nl\/hans\/wp-content\/uploads\/2022\/08\/oos-002.jpg\" alt=\"\" srcset=\"https:\/\/www.lucifersetiketten.nl\/hans\/wp-content\/uploads\/2022\/08\/oos-002.jpg 438w, https:\/\/www.lucifersetiketten.nl\/hans\/wp-content\/uploads\/2022\/08\/oos-002-209x300.jpg 209w\" sizes=\"auto, (max-width: 150px) 100vw, 150px\" \/><\/td><td><strong>Solo Export 1919 &#8211; 1938<br><\/strong><br>Author: Franz Kitzhofer<\/td><td>German<\/td><\/tr><tr><td><img loading=\"lazy\" decoding=\"async\" width=\"150\" height=\"219\" class=\"wp-image-1130\" style=\"width: 150px;\" src=\"http:\/\/www.lucifersetiketten.nl\/hans\/wp-content\/uploads\/2022\/08\/oos-003.jpg\" alt=\"\" srcset=\"https:\/\/www.lucifersetiketten.nl\/hans\/wp-content\/uploads\/2022\/08\/oos-003.jpg 450w, https:\/\/www.lucifersetiketten.nl\/hans\/wp-content\/uploads\/2022\/08\/oos-003-206x300.jpg 206w\" sizes=\"auto, (max-width: 150px) 100vw, 150px\" \/><\/td><td><strong>Solo Export 1938 bis 1945 (Made in Germany)<br><\/strong><br>Author: Franz Kitzhofer<\/td><td>German<\/td><\/tr><tr><td><img loading=\"lazy\" decoding=\"async\" width=\"150\" height=\"215\" class=\"wp-image-1119\" style=\"width: 150px;\" src=\"http:\/\/www.lucifersetiketten.nl\/hans\/wp-content\/uploads\/2022\/08\/oos-004.jpg\" alt=\"\" srcset=\"https:\/\/www.lucifersetiketten.nl\/hans\/wp-content\/uploads\/2022\/08\/oos-004.jpg 470w, https:\/\/www.lucifersetiketten.nl\/hans\/wp-content\/uploads\/2022\/08\/oos-004-209x300.jpg 209w\" sizes=\"auto, (max-width: 150px) 100vw, 150px\" \/><\/td><td><strong>Solo Export 1946 &#8211; 1982<br><\/strong><br>Author: Franz Kitzhofer<\/td><td>German<\/td><\/tr><tr><td><img loading=\"lazy\" decoding=\"async\" width=\"150\" height=\"213\" class=\"wp-image-1120\" style=\"width: 150px;\" src=\"http:\/\/www.lucifersetiketten.nl\/hans\/wp-content\/uploads\/2022\/08\/oos-005.jpg\" alt=\"\" srcset=\"https:\/\/www.lucifersetiketten.nl\/hans\/wp-content\/uploads\/2022\/08\/oos-005.jpg 429w, https:\/\/www.lucifersetiketten.nl\/hans\/wp-content\/uploads\/2022\/08\/oos-005-211x300.jpg 211w\" sizes=\"auto, (max-width: 150px) 100vw, 150px\" \/><\/td><td><strong>Katalog der \u00f6sterreichischen Export-Etiketten<br><\/strong><br>Author: Franz Kitzhofer<\/td><td>German<\/td><\/tr><tr><td><img loading=\"lazy\" decoding=\"async\" width=\"150\" height=\"216\" class=\"wp-image-1121\" style=\"width: 150px;\" src=\"http:\/\/www.lucifersetiketten.nl\/hans\/wp-content\/uploads\/2022\/08\/oos-006.jpg\" alt=\"\" srcset=\"https:\/\/www.lucifersetiketten.nl\/hans\/wp-content\/uploads\/2022\/08\/oos-006.jpg 438w, https:\/\/www.lucifersetiketten.nl\/hans\/wp-content\/uploads\/2022\/08\/oos-006-208x300.jpg 208w\" sizes=\"auto, (max-width: 150px) 100vw, 150px\" \/><\/td><td><strong>Z\u00fcndholzetiketten Teil 3: Export-Serienetiketten 1945 &#8211; 1979<br><\/strong><br>Author: Franz Kitzhofer&nbsp;&nbsp;&nbsp;&nbsp;&nbsp;&nbsp;&nbsp;&nbsp;&nbsp;&nbsp;&nbsp;&nbsp;&nbsp;&nbsp;&nbsp;&nbsp;&nbsp;&nbsp;&nbsp;&nbsp;&nbsp;&nbsp;&nbsp;&nbsp;&nbsp;&nbsp;&nbsp;&nbsp;&nbsp;&nbsp;&nbsp;&nbsp;&nbsp;&nbsp;&nbsp;&nbsp;&nbsp;&nbsp;&nbsp;&nbsp;&nbsp;&nbsp;&nbsp;&nbsp;&nbsp;&nbsp;&nbsp;&nbsp;&nbsp;&nbsp;&nbsp;&nbsp;&nbsp;&nbsp;&nbsp;&nbsp;&nbsp;&nbsp;&nbsp;&nbsp;&nbsp;&nbsp;&nbsp;&nbsp;&nbsp;&nbsp;&nbsp;&nbsp;&nbsp;&nbsp;&nbsp;<\/td><td>German<\/td><\/tr><tr><td><img loading=\"lazy\" decoding=\"async\" width=\"150\" height=\"197\" class=\"wp-image-1122\" style=\"width: 150px;\" src=\"http:\/\/www.lucifersetiketten.nl\/hans\/wp-content\/uploads\/2022\/08\/oos-007.jpg\" alt=\"\" srcset=\"https:\/\/www.lucifersetiketten.nl\/hans\/wp-content\/uploads\/2022\/08\/oos-007.jpg 428w, https:\/\/www.lucifersetiketten.nl\/hans\/wp-content\/uploads\/2022\/08\/oos-007-228x300.jpg 228w\" sizes=\"auto, (max-width: 150px) 100vw, 150px\" \/><\/td><td><br><strong>SIRIUS-SOLO Z\u00fcndholz Ges.m.b.H. Verzeichnis der Importschachteln 1982 bis Dezember 1984<br><\/strong><br>Author: Josef Andersch<\/td><td>German<\/td><\/tr><tr><td><img loading=\"lazy\" decoding=\"async\" width=\"150\" height=\"206\" class=\"wp-image-1123\" style=\"width: 150px;\" src=\"http:\/\/www.lucifersetiketten.nl\/hans\/wp-content\/uploads\/2022\/08\/oos-008.jpg\" alt=\"\" srcset=\"https:\/\/www.lucifersetiketten.nl\/hans\/wp-content\/uploads\/2022\/08\/oos-008.jpg 477w, https:\/\/www.lucifersetiketten.nl\/hans\/wp-content\/uploads\/2022\/08\/oos-008-219x300.jpg 219w\" sizes=\"auto, (max-width: 150px) 100vw, 150px\" \/><\/td><td><strong>SIRIUS-SOLO Z\u00fcndholz Ges.m.b.H Verzeichnis der Importschachteln 1985 bis Dezember 1987<br><\/strong><br>Author: Josef Andersch<\/td><td>German<\/td><\/tr><tr><td><img loading=\"lazy\" decoding=\"async\" width=\"150\" height=\"207\" class=\"wp-image-1124\" style=\"width: 150px;\" src=\"http:\/\/www.lucifersetiketten.nl\/hans\/wp-content\/uploads\/2022\/08\/oos-009.jpg\" alt=\"\" srcset=\"https:\/\/www.lucifersetiketten.nl\/hans\/wp-content\/uploads\/2022\/08\/oos-009.jpg 478w, https:\/\/www.lucifersetiketten.nl\/hans\/wp-content\/uploads\/2022\/08\/oos-009-218x300.jpg 218w\" sizes=\"auto, (max-width: 150px) 100vw, 150px\" \/><\/td><td><strong>SIRIUS-SOLO Z\u00fcndholz Ges.m.b.H Verzeichnis der Importschachteln 1988 bis Dezember 1993<br><\/strong><br>Author: Josef Andersch<\/td><td>German<\/td><\/tr><tr><td><img loading=\"lazy\" decoding=\"async\" width=\"150\" height=\"206\" class=\"wp-image-1133\" style=\"width: 150px;\" src=\"http:\/\/www.lucifersetiketten.nl\/hans\/wp-content\/uploads\/2022\/08\/oos-054.jpg\" alt=\"\" srcset=\"https:\/\/www.lucifersetiketten.nl\/hans\/wp-content\/uploads\/2022\/08\/oos-054.jpg 455w, https:\/\/www.lucifersetiketten.nl\/hans\/wp-content\/uploads\/2022\/08\/oos-054-218x300.jpg 218w\" sizes=\"auto, (max-width: 150px) 100vw, 150px\" \/><\/td><td><strong>Seznam Zapalkovych nalepek Austrie, II, dil \u2013 jednotlve<br><\/strong><br>Author: Josef Lux, Pavel Soukup<br><br>2004<\/td><td>Czech<\/td><\/tr><tr><td><img loading=\"lazy\" decoding=\"async\" width=\"150\" height=\"215\" class=\"wp-image-1134\" style=\"width: 150px;\" src=\"http:\/\/www.lucifersetiketten.nl\/hans\/wp-content\/uploads\/2022\/08\/oos-055.jpg\" alt=\"\" srcset=\"https:\/\/www.lucifersetiketten.nl\/hans\/wp-content\/uploads\/2022\/08\/oos-055.jpg 461w, https:\/\/www.lucifersetiketten.nl\/hans\/wp-content\/uploads\/2022\/08\/oos-055-209x300.jpg 209w\" sizes=\"auto, (max-width: 150px) 100vw, 150px\" \/><\/td><td><strong>Seznam Zapalkovych nalepek Austrie, III, dil \u2013 reklamky a firmemky<br><\/strong><br>Author: Josef Lux, Pavel Soukup<br><br>2004<\/td><td>Czech<\/td><\/tr><tr><td><img loading=\"lazy\" decoding=\"async\" width=\"150\" height=\"215\" class=\"wp-image-1127\" style=\"width: 150px;\" src=\"http:\/\/www.lucifersetiketten.nl\/hans\/wp-content\/uploads\/2022\/08\/oos-012.jpg\" alt=\"\" srcset=\"https:\/\/www.lucifersetiketten.nl\/hans\/wp-content\/uploads\/2022\/08\/oos-012.jpg 456w, https:\/\/www.lucifersetiketten.nl\/hans\/wp-content\/uploads\/2022\/08\/oos-012-209x300.jpg 209w\" sizes=\"auto, (max-width: 150px) 100vw, 150px\" \/><\/td><td><strong>Seznam Zapalkovych nalepek Austrie, III, dil \u2013 reklamky a firmemky, pasky a sulphurky<br><\/strong><br>Author: Josef Lux, Pavel Soukup<br><br>2004<\/td><td>Czech<\/td><\/tr><\/tbody><\/table><\/figure>\n","protected":false},"excerpt":{"rendered":"<p>Picture Title\/Author Language Alt-Austria Z\u00fcndholz-Etiketten 1832-1916 Author: Peter D\u00f6rling German Alt-Austria Z\u00fcndholz-Etiketten Solo-Serien 1903 &#8211; 1916Author: Peter D\u00f6rling German Solo<\/p>\n","protected":false},"author":1,"featured_media":0,"parent":0,"menu_order":0,"comment_status":"closed","ping_status":"closed","template":"","meta":{"footnotes":""},"class_list":["post-1111","page","type-page","status-publish","hentry"],"_links":{"self":[{"href":"https:\/\/www.lucifersetiketten.nl\/hans\/wp-json\/wp\/v2\/pages\/1111","targetHints":{"allow":["GET"]}}],"collection":[{"href":"https:\/\/www.lucifersetiketten.nl\/hans\/wp-json\/wp\/v2\/pages"}],"about":[{"href":"https:\/\/www.lucifersetiketten.nl\/hans\/wp-json\/wp\/v2\/types\/page"}],"author":[{"embeddable":true,"href":"https:\/\/www.lucifersetiketten.nl\/hans\/wp-json\/wp\/v2\/users\/1"}],"replies":[{"embeddable":true,"href":"https:\/\/www.lucifersetiketten.nl\/hans\/wp-json\/wp\/v2\/comments?post=1111"}],"version-history":[{"count":8,"href":"https:\/\/www.lucifersetiketten.nl\/hans\/wp-json\/wp\/v2\/pages\/1111\/revisions"}],"predecessor-version":[{"id":1535,"href":"https:\/\/www.lucifersetiketten.nl\/hans\/wp-json\/wp\/v2\/pages\/1111\/revisions\/1535"}],"wp:attachment":[{"href":"https:\/\/www.lucifersetiketten.nl\/hans\/wp-json\/wp\/v2\/media?parent=1111"}],"curies":[{"name":"wp","href":"https:\/\/api.w.org\/{rel}","templated":true}]}}