{"id":1084,"date":"2022-08-19T10:32:54","date_gmt":"2022-08-19T10:32:54","guid":{"rendered":"http:\/\/www.lucifersetiketten.nl\/hans\/?page_id=1084"},"modified":"2022-08-22T16:44:40","modified_gmt":"2022-08-22T16:44:40","slug":"spain","status":"publish","type":"page","link":"https:\/\/www.lucifersetiketten.nl\/hans\/spain\/","title":{"rendered":"Spain"},"content":{"rendered":"\n<figure class=\"wp-block-table alignwide\"><table><tbody><tr><td><strong>Picture<\/strong><\/td><td><strong>Title\/Author<\/strong>                                                                                                                                                 <\/td><td><strong>Language<\/strong><\/td><\/tr><tr><td><img loading=\"lazy\" decoding=\"async\" width=\"150\" height=\"208\" class=\"wp-image-1366\" style=\"width: 150px;\" src=\"http:\/\/www.lucifersetiketten.nl\/hans\/wp-content\/uploads\/2022\/08\/spa-001.jpg\" alt=\"\" srcset=\"https:\/\/www.lucifersetiketten.nl\/hans\/wp-content\/uploads\/2022\/08\/spa-001.jpg 501w, https:\/\/www.lucifersetiketten.nl\/hans\/wp-content\/uploads\/2022\/08\/spa-001-217x300.jpg 217w\" sizes=\"auto, (max-width: 150px) 100vw, 150px\" \/><\/td><td><strong>CAT\u00c1LOGO DAS S\u00c9RIES N\u00c3O PUBLIC. DE FOSFORERA ESPA\u00d1OLA, S.A.<br><\/strong><br>Author:&nbsp; Julio Lino Couto<\/td><td>Spanish<\/td><\/tr><tr><td><img loading=\"lazy\" decoding=\"async\" width=\"150\" height=\"221\" class=\"wp-image-1367\" style=\"width: 150px;\" src=\"http:\/\/www.lucifersetiketten.nl\/hans\/wp-content\/uploads\/2022\/08\/spa-002.jpg\" alt=\"\" srcset=\"https:\/\/www.lucifersetiketten.nl\/hans\/wp-content\/uploads\/2022\/08\/spa-002.jpg 491w, https:\/\/www.lucifersetiketten.nl\/hans\/wp-content\/uploads\/2022\/08\/spa-002-204x300.jpg 204w\" sizes=\"auto, (max-width: 150px) 100vw, 150px\" \/><\/td><td><strong>SPANISH MATCHBOX INSERTS (FOTOTIPIAS)<\/strong><br>Author:&nbsp; Alan Downer&nbsp;&nbsp;&nbsp;&nbsp;&nbsp;&nbsp;&nbsp;&nbsp;&nbsp;&nbsp;&nbsp;&nbsp;&nbsp;&nbsp;&nbsp;&nbsp;&nbsp;&nbsp;&nbsp;&nbsp;&nbsp;&nbsp;&nbsp;&nbsp;&nbsp;&nbsp;&nbsp;&nbsp;&nbsp;&nbsp;&nbsp;&nbsp;&nbsp;&nbsp;&nbsp;&nbsp;&nbsp;&nbsp;&nbsp;&nbsp;&nbsp;&nbsp;&nbsp;&nbsp;&nbsp;&nbsp;&nbsp;&nbsp;&nbsp;&nbsp;&nbsp;&nbsp;&nbsp;&nbsp;&nbsp;&nbsp;&nbsp;&nbsp;&nbsp;&nbsp;&nbsp;&nbsp;&nbsp;&nbsp;&nbsp;&nbsp;&nbsp;&nbsp;&nbsp;&nbsp;&nbsp;&nbsp;&nbsp;&nbsp;<\/td><td>English<\/td><\/tr><\/tbody><\/table><\/figure>\n","protected":false},"excerpt":{"rendered":"<p>Picture Title\/Author Language CAT\u00c1LOGO DAS S\u00c9RIES N\u00c3O PUBLIC. DE FOSFORERA ESPA\u00d1OLA, S.A.Author:&nbsp; Julio Lino Couto Spanish SPANISH MATCHBOX INSERTS (FOTOTIPIAS)Author:&nbsp;<\/p>\n","protected":false},"author":1,"featured_media":0,"parent":0,"menu_order":0,"comment_status":"closed","ping_status":"closed","template":"","meta":{"footnotes":""},"class_list":["post-1084","page","type-page","status-publish","hentry"],"_links":{"self":[{"href":"https:\/\/www.lucifersetiketten.nl\/hans\/wp-json\/wp\/v2\/pages\/1084","targetHints":{"allow":["GET"]}}],"collection":[{"href":"https:\/\/www.lucifersetiketten.nl\/hans\/wp-json\/wp\/v2\/pages"}],"about":[{"href":"https:\/\/www.lucifersetiketten.nl\/hans\/wp-json\/wp\/v2\/types\/page"}],"author":[{"embeddable":true,"href":"https:\/\/www.lucifersetiketten.nl\/hans\/wp-json\/wp\/v2\/users\/1"}],"replies":[{"embeddable":true,"href":"https:\/\/www.lucifersetiketten.nl\/hans\/wp-json\/wp\/v2\/comments?post=1084"}],"version-history":[{"count":4,"href":"https:\/\/www.lucifersetiketten.nl\/hans\/wp-json\/wp\/v2\/pages\/1084\/revisions"}],"predecessor-version":[{"id":1368,"href":"https:\/\/www.lucifersetiketten.nl\/hans\/wp-json\/wp\/v2\/pages\/1084\/revisions\/1368"}],"wp:attachment":[{"href":"https:\/\/www.lucifersetiketten.nl\/hans\/wp-json\/wp\/v2\/media?parent=1084"}],"curies":[{"name":"wp","href":"https:\/\/api.w.org\/{rel}","templated":true}]}}