{"id":1072,"date":"2022-08-19T10:30:37","date_gmt":"2022-08-19T10:30:37","guid":{"rendered":"http:\/\/www.lucifersetiketten.nl\/hans\/?page_id=1072"},"modified":"2022-08-24T17:54:07","modified_gmt":"2022-08-24T17:54:07","slug":"macao","status":"publish","type":"page","link":"https:\/\/www.lucifersetiketten.nl\/hans\/macao\/","title":{"rendered":"Macau"},"content":{"rendered":"\n<figure class=\"wp-block-table alignwide\"><table><tbody><tr><td><strong>Picture<\/strong><\/td><td><strong>Title\/Author<\/strong>                                                                                                                                                 <\/td><td><strong>Language<\/strong><\/td><\/tr><tr><td><img loading=\"lazy\" decoding=\"async\" width=\"150\" height=\"214\" class=\"wp-image-1508\" style=\"width: 150px;\" src=\"http:\/\/www.lucifersetiketten.nl\/hans\/wp-content\/uploads\/2022\/08\/mac-001-scaled.jpg\" alt=\"\" srcset=\"https:\/\/www.lucifersetiketten.nl\/hans\/wp-content\/uploads\/2022\/08\/mac-001-scaled.jpg 1797w, https:\/\/www.lucifersetiketten.nl\/hans\/wp-content\/uploads\/2022\/08\/mac-001-211x300.jpg 211w, https:\/\/www.lucifersetiketten.nl\/hans\/wp-content\/uploads\/2022\/08\/mac-001-719x1024.jpg 719w, https:\/\/www.lucifersetiketten.nl\/hans\/wp-content\/uploads\/2022\/08\/mac-001-768x1094.jpg 768w, https:\/\/www.lucifersetiketten.nl\/hans\/wp-content\/uploads\/2022\/08\/mac-001-1078x1536.jpg 1078w, https:\/\/www.lucifersetiketten.nl\/hans\/wp-content\/uploads\/2022\/08\/mac-001-1438x2048.jpg 1438w\" sizes=\"auto, (max-width: 150px) 100vw, 150px\" \/><\/td><td><strong>CAT\u00c1LOGO DAS ETIQUETAS DE CAIXAS DE F\u00d3SFOR. DE MACAU<br><\/strong><br>Author: Rui Matos<\/td><td>Portugese<\/td><\/tr><tr><td><\/td><td><strong>ADENDA RECTIFICATIVA DO CAT\u00c1LOGO DAS ETIQUETAS&#8230; MACAU<br><\/strong><br>Author: Rui Matos<\/td><td>Portugese<\/td><\/tr><tr><td><img loading=\"lazy\" decoding=\"async\" width=\"150\" height=\"218\" class=\"wp-image-1280\" style=\"width: 150px;\" src=\"http:\/\/www.lucifersetiketten.nl\/hans\/wp-content\/uploads\/2022\/08\/mac-003.jpg\" alt=\"\" srcset=\"https:\/\/www.lucifersetiketten.nl\/hans\/wp-content\/uploads\/2022\/08\/mac-003.jpg 434w, https:\/\/www.lucifersetiketten.nl\/hans\/wp-content\/uploads\/2022\/08\/mac-003-206x300.jpg 206w\" sizes=\"auto, (max-width: 150px) 100vw, 150px\" \/><\/td><td><strong>Album zapalkovych nalepek Macau<\/strong><br><br>Author: &#8230;..<\/td><td>Czech<\/td><\/tr><\/tbody><\/table><\/figure>\n","protected":false},"excerpt":{"rendered":"<p>Picture Title\/Author Language CAT\u00c1LOGO DAS ETIQUETAS DE CAIXAS DE F\u00d3SFOR. DE MACAUAuthor: Rui Matos Portugese ADENDA RECTIFICATIVA DO CAT\u00c1LOGO DAS<\/p>\n","protected":false},"author":1,"featured_media":0,"parent":0,"menu_order":0,"comment_status":"closed","ping_status":"closed","template":"","meta":{"footnotes":""},"class_list":["post-1072","page","type-page","status-publish","hentry"],"_links":{"self":[{"href":"https:\/\/www.lucifersetiketten.nl\/hans\/wp-json\/wp\/v2\/pages\/1072","targetHints":{"allow":["GET"]}}],"collection":[{"href":"https:\/\/www.lucifersetiketten.nl\/hans\/wp-json\/wp\/v2\/pages"}],"about":[{"href":"https:\/\/www.lucifersetiketten.nl\/hans\/wp-json\/wp\/v2\/types\/page"}],"author":[{"embeddable":true,"href":"https:\/\/www.lucifersetiketten.nl\/hans\/wp-json\/wp\/v2\/users\/1"}],"replies":[{"embeddable":true,"href":"https:\/\/www.lucifersetiketten.nl\/hans\/wp-json\/wp\/v2\/comments?post=1072"}],"version-history":[{"count":6,"href":"https:\/\/www.lucifersetiketten.nl\/hans\/wp-json\/wp\/v2\/pages\/1072\/revisions"}],"predecessor-version":[{"id":1516,"href":"https:\/\/www.lucifersetiketten.nl\/hans\/wp-json\/wp\/v2\/pages\/1072\/revisions\/1516"}],"wp:attachment":[{"href":"https:\/\/www.lucifersetiketten.nl\/hans\/wp-json\/wp\/v2\/media?parent=1072"}],"curies":[{"name":"wp","href":"https:\/\/api.w.org\/{rel}","templated":true}]}}